{"id":65,"date":"2023-08-21T14:12:22","date_gmt":"2023-08-21T12:12:22","guid":{"rendered":"https:\/\/innovatronica.com\/?page_id=65"},"modified":"2023-08-30T11:43:18","modified_gmt":"2023-08-30T09:43:18","slug":"dragonflychair","status":"publish","type":"page","link":"https:\/\/innovatronica.com\/index.php\/dragonflychair\/","title":{"rendered":"DragonflyChair"},"content":{"rendered":"\n<figure class=\"wp-block-image aligncenter\"><a href=\"https:\/\/www.dragonflychair.com\/\"><img loading=\"lazy\" decoding=\"async\" width=\"300\" height=\"75\" src=\"http:\/\/innovatronica.com\/wp-content\/uploads\/2023\/08\/1625671593logo-png-300x75.webp\" alt=\"\" class=\"wp-image-69\" srcset=\"https:\/\/innovatronica.com\/wp-content\/uploads\/2023\/08\/1625671593logo-png-300x75.webp 300w, https:\/\/innovatronica.com\/wp-content\/uploads\/2023\/08\/1625671593logo-png-1024x256.webp 1024w, https:\/\/innovatronica.com\/wp-content\/uploads\/2023\/08\/1625671593logo-png-768x192.webp 768w, https:\/\/innovatronica.com\/wp-content\/uploads\/2023\/08\/1625671593logo-png-1536x384.webp 1536w, https:\/\/innovatronica.com\/wp-content\/uploads\/2023\/08\/1625671593logo-png-2048x512.webp 2048w\" sizes=\"auto, (max-width: 300px) 100vw, 300px\" \/><\/a><\/figure>\n\n\n\n<figure class=\"wp-block-image aligncenter\"><a href=\"https:\/\/www.dragonflychair.com\/dragonflychair-classic-silver\"><img loading=\"lazy\" decoding=\"async\" width=\"300\" height=\"200\" src=\"http:\/\/innovatronica.com\/wp-content\/uploads\/2023\/08\/thumb_1616445425Krzes_a_zwyk_y_format_2_-jpg-300x200.webp\" alt=\"\" class=\"wp-image-70\" srcset=\"https:\/\/innovatronica.com\/wp-content\/uploads\/2023\/08\/thumb_1616445425Krzes_a_zwyk_y_format_2_-jpg-300x200.webp 300w, https:\/\/innovatronica.com\/wp-content\/uploads\/2023\/08\/thumb_1616445425Krzes_a_zwyk_y_format_2_-jpg.webp 705w\" sizes=\"auto, (max-width: 300px) 100vw, 300px\" \/><\/a><\/figure>\n\n\n\n<h1 class=\"wp-block-heading has-text-align-center\">Wyobra\u017a sobie, \u017ce siadasz przy biurku i jest Ci przyjemnie.<\/h1>\n\n\n\n<p class=\"has-text-align-center\">Poniewa\u017c sami mieli\u015bmy problemy z kr\u0119gos\u0142upem postanowili\u015bmy co\u015b z tym zrobi\u0107.<\/p>\n\n\n\n<p class=\"has-text-align-center\">Lepsze krzes\u0142o bardziej podpieraj\u0105ce, kl\u0119cznik, pi\u0142ka, skrzynia i jeszcze kilka innych patent\u00f3w &#8211;&nbsp;<strong> to nic nie dawa\u0142o<\/strong>.<\/p>\n\n\n\n<p class=\"has-text-align-center\">Ile razy mo\u017cna chodzi\u0107 do kr\u0119garza i p\u0142aci\u0107 st\u00f3wk\u0119 za awaryjne ustawienie l\u0119d\u017awiowego? Pomaga to na chwil\u0119.<\/p>\n\n\n\n<p class=\"has-text-align-center\">Wszystko przez siedz\u0105cy tryb \u017cycia, ale mo\u017ce mo\u017cna co\u015b z tym zrobi\u0107?<\/p>\n\n\n\n<p class=\"has-text-align-center\">W ko\u0144cu zainspirowani zbudowali\u015bmy na w\u0142asne potrzeby prototyp.<\/p>\n\n\n\n<p class=\"has-text-align-center\">Potem kolejny i kolejny, a\u017c w ko\u0144cu okaza\u0142o si\u0119, \u017ce efekt jest niewiarygodny.<\/p>\n\n\n\n<figure class=\"wp-block-image aligncenter\"><a href=\"https:\/\/www.dragonflychair.com\/public\/upload\/pages\/25\/minigallery\/original_1622301515KOLARZ_JOGA.jpg\"><img loading=\"lazy\" decoding=\"async\" width=\"1024\" height=\"819\" src=\"http:\/\/innovatronica.com\/wp-content\/uploads\/2023\/08\/original_1622301515KOLARZ_JOGA-1024x819.jpg\" alt=\"\" class=\"wp-image-79\" srcset=\"https:\/\/innovatronica.com\/wp-content\/uploads\/2023\/08\/original_1622301515KOLARZ_JOGA-1024x819.jpg 1024w, https:\/\/innovatronica.com\/wp-content\/uploads\/2023\/08\/original_1622301515KOLARZ_JOGA-300x240.jpg 300w, https:\/\/innovatronica.com\/wp-content\/uploads\/2023\/08\/original_1622301515KOLARZ_JOGA-768x614.jpg 768w, https:\/\/innovatronica.com\/wp-content\/uploads\/2023\/08\/original_1622301515KOLARZ_JOGA-1536x1229.jpg 1536w, https:\/\/innovatronica.com\/wp-content\/uploads\/2023\/08\/original_1622301515KOLARZ_JOGA.jpg 2000w\" sizes=\"auto, (max-width: 1024px) 100vw, 1024px\" \/><\/a><\/figure>\n\n\n\n<p class=\"has-text-align-left\"><em><strong>W zasadzie o co chodzi z tym krzes\u0142em?<\/strong> <\/em>Czy te\u017c siedziskiem.<\/p>\n\n\n\n<p class=\"has-text-align-left\">Po prostu chodzi o to:<\/p>\n\n\n\n<ul class=\"wp-block-list\">\n<li>aby si\u0119 wierci\u0107,<\/li>\n\n\n\n<li>\u017ceby zmienia\u0107 pozycj\u0119,<\/li>\n\n\n\n<li>uaktywnia\u0107 mi\u0119\u015bnie, stawy, \u015bci\u0119gna przez co je wzmacnia\u0107,<\/li>\n\n\n\n<li>rusza\u0107 stawami w pe\u0142nym zakresie.<\/li>\n<\/ul>\n\n\n\n<p class=\"has-text-align-center\">Je\u015bli nie wierzycie w sens naszego krzes\u0142a to zobaczcie na to:<\/p>\n\n\n\n<figure class=\"wp-block-image aligncenter\"><img loading=\"lazy\" decoding=\"async\" width=\"900\" height=\"720\" src=\"http:\/\/innovatronica.com\/wp-content\/uploads\/2023\/08\/siedzenie-po-turecku-po-japonsku-w-przykucu-.jpg\" alt=\"\" class=\"wp-image-80\" srcset=\"https:\/\/innovatronica.com\/wp-content\/uploads\/2023\/08\/siedzenie-po-turecku-po-japonsku-w-przykucu-.jpg 900w, https:\/\/innovatronica.com\/wp-content\/uploads\/2023\/08\/siedzenie-po-turecku-po-japonsku-w-przykucu--300x240.jpg 300w, https:\/\/innovatronica.com\/wp-content\/uploads\/2023\/08\/siedzenie-po-turecku-po-japonsku-w-przykucu--768x614.jpg 768w\" sizes=\"auto, (max-width: 900px) 100vw, 900px\" \/><\/figure>\n\n\n\n<p class=\"has-text-align-center\">Co to znaczy &#8222;rusza\u0107 stawami w pe\u0142nym zakresie.&#8221;?<\/p>\n\n\n\n<p class=\"has-text-align-center\">Dlaczego to jest takie wa\u017cne?<\/p>\n\n\n\n<p class=\"has-text-align-center\">Dlatego, \u017ce je\u015bli nie u\u017cywamy staw\u00f3w w pe\u0142nym zakresie to ma\u017a stawowa nie jest tak dobrze tworzona przez nasze cia\u0142a, \u015bci\u0119gna i mi\u0119\u015bnie nie pracuj\u0105 w pe\u0142nym zakresie. A co jest nieu\u017cywane to &#8230; wiadomo.<\/p>\n\n\n\n<p class=\"has-text-align-center\">Zwykle k\u0105t pracy np. stawu kolanowego wynosi od 0 do 90 stopni (stoimy lub le\u017cymy albo siedzimy na naszych wygodnych krzes\u0142ach):<\/p>\n\n\n\n<figure class=\"wp-block-image aligncenter\"><img loading=\"lazy\" decoding=\"async\" width=\"400\" height=\"262\" src=\"http:\/\/innovatronica.com\/wp-content\/uploads\/2023\/08\/normal-knee-range-of-motion.jpg\" alt=\"\" class=\"wp-image-82\" srcset=\"https:\/\/innovatronica.com\/wp-content\/uploads\/2023\/08\/normal-knee-range-of-motion.jpg 400w, https:\/\/innovatronica.com\/wp-content\/uploads\/2023\/08\/normal-knee-range-of-motion-300x197.jpg 300w\" sizes=\"auto, (max-width: 400px) 100vw, 400px\" \/><\/figure>\n\n\n\n<p class=\"has-text-align-center\">A co z zakresem od 90 do 140 lub wi\u0119cej stopni? Skip C? Ilu znas rusza na co dzie\u0144 tak nog\u0105?<\/p>\n\n\n\n<p class=\"has-text-align-center\">To samo dotyczy bioder.<\/p>\n\n\n\n<p class=\"has-text-align-center\">Czy zastanawiali\u015bcie si\u0119 dlaczego w krajach gdzie siedzi si\u0119 po japo\u0144sku lub turecku starsze osoby nie maj\u0105 problem\u00f3w z biodrami i kolanami?<\/p>\n\n\n\n<p class=\"has-text-align-center\"><em>Ruch<\/em> sprawia tak\u017ce, \u017ce <em>chrz\u0105stka stawowa<\/em>&nbsp;jest prawid\u0142owo uwodniona i od\u017cywiona, dzi\u0119ki czemu optymalnie si\u0119 regeneruje.<\/p>\n\n\n\n<p class=\"has-text-align-center\"><strong><span style=\"color: #339966;\">Jaki z tego wniosek:<\/span><\/strong><\/p>\n\n\n\n<p class=\"has-text-align-center\"><strong><span style=\"color: #339966;\">to co naturalne jest proste i tanie, tak jak mawia\u0142 Wiktor, czyli siadajmy na pod\u0142odze, po turecku, japo\u0144ski, itd.<\/span><\/strong><\/p>\n\n\n\n<p class=\"has-text-align-center\"><strong>Ale<\/strong> nie zawsze jest to mo\u017cliwe i komfortowe dla nas. I tu pojawia si\u0119 nasze krzes\u0142o, kt\u00f3re jest wygodniejsze ni\u017c siedzenie na pod\u0142odze i zdrowsze ni\u017c klasyczne fotele i krzes\u0142a.<\/p>\n\n\n\n<p class=\"has-text-align-center\"><em><strong>I o to w\u0142a\u015bnie chodzi w naszym krze\u015ble. \ud83d\ude42<\/strong><\/em><\/p>\n\n\n\n<hr class=\"wp-block-separator has-alpha-channel-opacity\"\/>\n\n\n\n<p class=\"has-text-align-center\">Oto jedna z opinii naszych klient\u00f3w (Dzi\u0119kujemy luxyn, \u017ce chcia\u0142o Ci si\u0119 napisa\u0107 tak d\u0142ug\u0105 opini\u0119):<\/p>\n\n\n\n<h3 class=\"wp-block-heading has-text-align-center\">Z Niemcy<\/h3>\n\n\n\n<div id=\"RYY9P2NQQU7CV\" class=\"a-section review aok-relative\" style=\"text-align: center;\" data-hook=\"review\">\n<div id=\"RYY9P2NQQU7CV-review-card\" class=\"a-row a-spacing-none\">\n<div id=\"customer_review-RYY9P2NQQU7CV\" class=\"a-section celwidget\" data-csa-c-id=\"ss3zd5-x88wf4-cc93ex-ohkiyv\" data-cel-widget=\"customer_review-RYY9P2NQQU7CV\">\n<div class=\"a-row a-spacing-mini\" data-hook=\"genome-widget\">\n<div class=\"a-profile-avatar-wrapper\" aria-hidden=\"true\">\n<figure><img decoding=\"async\" class=\"\" src=\"https:\/\/images-eu.ssl-images-amazon.com\/images\/S\/amazon-avatars-global\/default._CR0,0,1024,1024_SX48_.png\" data-src=\"https:\/\/images-eu.ssl-images-amazon.com\/images\/S\/amazon-avatars-global\/default._CR0,0,1024,1024_SX48_.png\"><\/figure><div class=\"a-profile-avatar\"><\/div>\n<\/div>\n<div class=\"a-profile-content\"><strong><span class=\"a-profile-name\" style=\"color: #ff0000;\">luxyn<\/span><\/strong><\/div>\n<\/div>\n<div class=\"a-row\"><a class=\"a-size-base a-link-normal review-title a-color-base review-title-content a-text-bold\" href=\"https:\/\/www.amazon.de\/gp\/customer-reviews\/RYY9P2NQQU7CV\/ref=cm_cr_arp_d_rvw_ttl?ie=UTF8&amp;ASIN=B0979KJVZF\" data-hook=\"review-title\"><i class=\"a-icon a-icon-star a-star-5 review-rating\" data-hook=\"review-star-rating\"><span class=\"a-icon-alt\">5,0 z 5 gwiazdek<\/span><\/i>&nbsp;Best chair ever! Keine H\u00fcftschmerzen mehr!<\/a><\/div>\n<p><span class=\"a-size-base a-color-secondary review-date\" data-hook=\"review-date\">Opinia napisana w Niemczech dnia 12 sierpnia 2023<\/span><\/p>\n<div class=\"a-row a-spacing-small review-data\">\n<p><span class=\"a-size-base review-text review-text-content\" data-hook=\"review-body\">Usually, I don&#8217;t write reviews &#8211; but if this helps someone else to have less pain at work &#8211; here it is:<\/span><\/p>\n<p>Short version:<\/p>\n<p>PRO:<br>+ super comfortable<br>+ pain in the hip is gone!<br>+ perfect for PC work where a stable hand is needed<br>+ looks amazing<br>+ adjustable height of the upper level platform<br>+ stable upper level platform, that slightly balances left to right if you shift your weight<br>+ can be used for hours without feeling pain<br>+ high-quality material<br>+ very friendly customer support!<br>+ huge amount of colors available to make the chair fit your home (check their instagram for ideas!)<br>+ chair color in my pictures is &#8222;steel&#8221;<br>+ fast delivery<\/p>\n<p>CON (not really):<br>&#8211; needs a little time to get used to it<br>&#8211; since there are so many nice colors available &#8211; it is a bit hard to choose!<br>&#8211; my cat can not sleep on it \ud83d\ude00<\/p>\n<p>Long version:<br>I ordered this chair a few months ago directly from the dragonfly chair website, where you can order with all sorts of different options. The delivery and assembly was fast and easy.<\/p>\n<p>Now I had two chairs, my old normal beloved office chair, and this new &#8222;active&#8221; dragonfly chair. My friend made jokes, like yeah now you have this new chair, but you are not using it! (He was right, I was still using my old chair and had this just standing at my other desk. Creature of habit!)<\/p>\n<p>But after another long project sitting on my old office chair for hours and hours it happened: I got some pain, this time not in my back, but in my hip. It was really bad.<br>I looked over to the new unused dragonfly chair and then finally decided to switch and try to use it regularly.<\/p>\n<p>Best decision ever! Sitting on this new chair, the hip pain went away almost immediately! The dragonfly chair &#8222;forces&#8221; you to sit correctly and actively. And it is very comfortable.<\/p>\n<p>I have to add that I love sitting cross-legged. I did this on my old office chair, but constantly had marks on my legs from pushing against the armrests. This one has no armrests, so your legs will be positioned naturally. It is amazing.<\/p>\n<p><strong>But one needs to get used to it. This is &#8222;active&#8221; sitting.<\/strong><\/p>\n<p>The platforms:<br>The chair has two platforms &#8211; the lower level is completely firm and stable (with soft padding like a normal chair)<br>The upper &#8222;sitting&#8221; level is slightly flexible, almost unnoticeable. It shifts a tiny bit to the left and to the right, to support weight shifting, which feels very natural. It doesn&#8217;t shift front to back, which is very good as it gives a stable and safe feeling.<\/p>\n<p>Before discovering this chair I was looking at other ergonomic chair options, like sitting balls and other flexible chairs. However, those designs always felt like too much shifting. It&#8217;s a personal preference of course, but I don&#8217;t want to exercise while sitting, I just need a chair to get some work done. I don&#8217;t want to think about the chair while using it. And I can not have my arms moving and balancing while sitting as I need a stable position for my hand.<\/p>\n<p>&#8212;&#8212;&#8212;&#8211;<br>Summary:<br>As a graphic designer\/artist, I am often sitting at the PC for long hours (which is a bit of an unhealthy situation as sitting is not good for you), but with this lovely chair, I have found a perfect solution to prevent any further damage to my back and hip.<br>After using it for some time now, I can confirm, this really works! \ud83d\ude42 Thank you so much!<\/p>\n<\/div>\n<div><hr><\/div>\n<\/div>\n<\/div>\n<\/div>\n\n\n\n<p class=\"has-text-align-center\"><strong><span style=\"font-size: 14pt;\">Dzi\u0119kujmy naszym klientom za zaufanie, a nowych zapraszamy serdecznie na nasz\u0105 witryn\u0119 sklepow\u0105:<\/span><\/strong><\/p>\n\n\n\n<p class=\"has-text-align-center\"><a href=\"https:\/\/www.dragonflychair.com\/\">Krzes\u0142o ortopedyczne do aktywnego siedzenia (dragonflychair.com)<\/a><\/p>\n\n\n\n<p class=\"has-text-align-center\">Znajdziecie tam wi\u0119cej cennych informacji.<\/p>\n\n\n\n<p class=\"has-text-align-center\">Zach\u0119camy tak\u017ce do \u015bledzenia naszych kana\u0142\u00f3w w mediach spo\u0142eczno\u015bciowych:<\/p>\n\n\n\n<p class=\"has-text-align-center\">Facebook &#8211; <a href=\"https:\/\/www.facebook.com\/DragonflyChair-102263775103216\/\">https:\/\/www.facebook.com\/DragonflyChair-102263775103216\/<\/a><\/p>\n\n\n\n<p class=\"has-text-align-center\">Instagram &#8211; <a href=\"https:\/\/www.instagram.com\/dragonfly.chair\/\">https:\/\/www.instagram.com\/dragonfly.chair\/<\/a><\/p>\n\n\n\n<p class=\"has-text-align-center\">Pinterest &#8211; <a href=\"https:\/\/pl.pinterest.com\/DragonflyChair\/_created\/\">https:\/\/pl.pinterest.com\/DragonflyChair\/_created\/<\/a><\/p>\n\n\n\n<p class=\"has-text-align-center\">YouTube &#8211; <a href=\"https:\/\/www.youtube.com\/channel\/UCBW1iZ0e0Cat1Aoclpapakg\">https:\/\/www.youtube.com\/channel\/UCBW1iZ0e0Cat1Aoclpapakg<\/a><\/p>\n","protected":false},"excerpt":{"rendered":"<p>Wyobra\u017a sobie, \u017ce siadasz przy biurku i jest Ci przyjemnie. Poniewa\u017c sami mieli\u015bmy problemy z kr\u0119gos\u0142upem postanowili\u015bmy co\u015b z tym zrobi\u0107. Lepsze krzes\u0142o bardziej podpieraj\u0105ce, kl\u0119cznik, pi\u0142ka, skrzynia i jeszcze kilka innych patent\u00f3w &#8211;&nbsp; to nic nie dawa\u0142o. Ile razy mo\u017cna chodzi\u0107 do kr\u0119garza i p\u0142aci\u0107 st\u00f3wk\u0119 za awaryjne ustawienie l\u0119d\u017awiowego? Pomaga to na chwil\u0119. [&hellip;]<\/p>\n","protected":false},"author":1,"featured_media":0,"parent":0,"menu_order":0,"comment_status":"closed","ping_status":"closed","template":"","meta":{"footnotes":""},"class_list":["post-65","page","type-page","status-publish","hentry"],"_links":{"self":[{"href":"https:\/\/innovatronica.com\/index.php\/wp-json\/wp\/v2\/pages\/65","targetHints":{"allow":["GET"]}}],"collection":[{"href":"https:\/\/innovatronica.com\/index.php\/wp-json\/wp\/v2\/pages"}],"about":[{"href":"https:\/\/innovatronica.com\/index.php\/wp-json\/wp\/v2\/types\/page"}],"author":[{"embeddable":true,"href":"https:\/\/innovatronica.com\/index.php\/wp-json\/wp\/v2\/users\/1"}],"replies":[{"embeddable":true,"href":"https:\/\/innovatronica.com\/index.php\/wp-json\/wp\/v2\/comments?post=65"}],"version-history":[{"count":13,"href":"https:\/\/innovatronica.com\/index.php\/wp-json\/wp\/v2\/pages\/65\/revisions"}],"predecessor-version":[{"id":229,"href":"https:\/\/innovatronica.com\/index.php\/wp-json\/wp\/v2\/pages\/65\/revisions\/229"}],"wp:attachment":[{"href":"https:\/\/innovatronica.com\/index.php\/wp-json\/wp\/v2\/media?parent=65"}],"curies":[{"name":"wp","href":"https:\/\/api.w.org\/{rel}","templated":true}]}}