{"id":10,"date":"2023-08-04T10:26:44","date_gmt":"2023-08-04T08:26:44","guid":{"rendered":"https:\/\/innovatronica.com\/?page_id=10"},"modified":"2023-08-30T13:47:46","modified_gmt":"2023-08-30T11:47:46","slug":"projekty-ue","status":"publish","type":"page","link":"https:\/\/innovatronica.com\/index.php\/projekty-ue\/","title":{"rendered":"Projekty UE"},"content":{"rendered":"\n<p class=\"has-text-align-center has-vivid-cyan-blue-color has-text-color has-large-font-size\"><span style=\"font-size: 14pt; color: #0000ff;\">Komory do dezynfekcji przedmiot\u00f3w organicznych i nieorganicznych, POIR.01.01.01-00-1244\/20<\/span><\/p>\n\n\n\n<p class=\"has-text-align-center\"><strong>Streszczenie projektu<\/strong><\/p>\n\n\n\n<p class=\"has-text-align-center\">Projekt ma na celu budow\u0119 skutecznych urz\u0105dze\u0144 do dezynfekcji wykorzystuj\u0105cych emisj\u0119 ultrad\u017awi\u0119kow\u0105, \u015bwiat\u0142o UV oraz<br>generator ozonu lub innego gazu przeznaczonego do dezynfekcji, kt\u00f3re przyczyni\u0105 si\u0119 do ograniczenia rozprzestrzeniania si\u0119 patogen\u00f3w.<br>Planowane jest wykonanie urz\u0105dze\u0144 o r\u00f3\u017cnych wymiarach w postaci kom\u00f3r dezynfekcyjnych. Wykorzystanie \u015bwiat\u0142a<br>UV do dezynfekcji jest powszechne, jednak ze wzgl\u0119du na jego ograniczenia do odka\u017cania tylko powierzchni, na kt\u00f3re<br>pada promieniowanie, wa\u017cne jest dodanie czynnika, kt\u00f3ry pozwoli odkazi\u0107 r\u00f3wnie\u017c zakryte\/ukryte przedmioty. W literaturze<br>naukowej przedstawione s\u0105 pozytywne wyniki bada\u0144 dotycz\u0105cych wp\u0142ywu ultrad\u017awi\u0119k\u00f3w na dezaktywacj\u0119 wirus\u00f3w i<br>odka\u017canie, st\u0105d wyb\u00f3r tej metody, kt\u00f3ra poprzez wprawienie cz\u0105steczek w odpowiednie drganie dotrze do wszystkich<br>powierzchni, a nie tylko tych widzialnych przez lamp\u0119 UV.<br>W obecnej sytuacji brakuje mo\u017cliwo\u015bci odka\u017cenia rzeczy codziennego u\u017cytku (typu portfel, pieni\u0105dze, torebka, telefon,<br>odzie\u017c wierzchnia, zakupy, paczki kurierskie, czy nawet maseczki), kt\u00f3rych normalnie nie myjemy\/pierzemy codziennie. <br>Komora ma umo\u017cliwi\u0107 szybk\u0105 dezynfekcj\u0119, np. po wej\u015bciu do domu, rzeczy do dezynfekcji wk\u0142adamy do komory<br>i po okre\u015blonym czasie mamy torb\u0119 z zakupami, torebk\u0119 wraz z zawarto\u015bci\u0105 czy maseczk\u0119 woln\u0105 od wirusa. <br>Komory b\u0119dziemy mogli u\u017cywa\u0107 w gospodarstwach domowych (j. w.) lub w miejscach<br>publicznych jak np. instytucje prywatne\/publiczne (dezynfekcja przedmiot\u00f3w wielorazowego u\u017cytku typu<br>identyfikatory, dokumentacja papierowa, przesy\u0142ki kurierskie, d\u0142ugopisy); szpitale (dezynfekcja stroj\u00f3w szpitalnych,<br>maseczek); biblioteka (dezynfekcja odbieranych ksi\u0105\u017cek); przedszkole (dezynfekcja zabawek, ksi\u0105\u017cek); gabinety<br>kosmetyczne (dezynfekcja przedmiot\u00f3w wielorazowego np. do makija\u017cu, typu p\u0119dzel, cienie do powiek, itd.)<\/p>\n\n\n\n<p class=\"has-text-align-center\">Dofinansowanie projektu z UE&nbsp; 2 053 990 z\u0142<\/p>\n\n\n\n<figure class=\"wp-block-image aligncenter size-large is-resized\"><img loading=\"lazy\" decoding=\"async\" src=\"http:\/\/innovatronica.com\/wp-content\/uploads\/2023\/08\/IMG_20230731_144923-768x1024.jpg\" alt=\"\" class=\"wp-image-53\" style=\"width:330px;height:439px\" width=\"330\" height=\"439\" srcset=\"https:\/\/innovatronica.com\/wp-content\/uploads\/2023\/08\/IMG_20230731_144923-768x1024.jpg 768w, https:\/\/innovatronica.com\/wp-content\/uploads\/2023\/08\/IMG_20230731_144923-225x300.jpg 225w, https:\/\/innovatronica.com\/wp-content\/uploads\/2023\/08\/IMG_20230731_144923-1152x1536.jpg 1152w, https:\/\/innovatronica.com\/wp-content\/uploads\/2023\/08\/IMG_20230731_144923-1536x2048.jpg 1536w, https:\/\/innovatronica.com\/wp-content\/uploads\/2023\/08\/IMG_20230731_144923-scaled.jpg 1920w\" sizes=\"auto, (max-width: 330px) 100vw, 330px\" \/><\/figure>\n\n\n\n<figure class=\"wp-block-image aligncenter size-large is-resized\"><img loading=\"lazy\" decoding=\"async\" src=\"http:\/\/innovatronica.com\/wp-content\/uploads\/2023\/08\/IMG_20220609_154703_1-1024x768.jpg\" alt=\"\" class=\"wp-image-35\" style=\"width:477px;height:358px\" width=\"477\" height=\"358\" srcset=\"https:\/\/innovatronica.com\/wp-content\/uploads\/2023\/08\/IMG_20220609_154703_1-1024x768.jpg 1024w, https:\/\/innovatronica.com\/wp-content\/uploads\/2023\/08\/IMG_20220609_154703_1-300x225.jpg 300w, https:\/\/innovatronica.com\/wp-content\/uploads\/2023\/08\/IMG_20220609_154703_1-768x576.jpg 768w, https:\/\/innovatronica.com\/wp-content\/uploads\/2023\/08\/IMG_20220609_154703_1-1536x1152.jpg 1536w, https:\/\/innovatronica.com\/wp-content\/uploads\/2023\/08\/IMG_20220609_154703_1-2048x1536.jpg 2048w\" sizes=\"auto, (max-width: 477px) 100vw, 477px\" \/><\/figure>\n\n\n\n<p class=\"has-text-align-center\"><strong>Wykonana komora typu &#8222;desktop&#8221; .<\/strong><\/p>\n\n\n\n<hr class=\"wp-block-separator has-alpha-channel-opacity is-style-wide\"\/>\n\n\n\n<p class=\"has-text-align-center\"><span style=\"font-size: 14pt; color: #0000ff;\">Rekonfigurowalny, wielocz\u0119stotliwo\u015bciowy i multisystemowy precyzyjny odbiornik nawigacji satelitarnej GoGeo system\u00f3w GPS\/Galileo, POIR.01.01.01-00-2093\/20.<\/span><\/p>\n\n\n\n<p class=\"has-text-align-center\"><strong>Streszczenie projektu<\/strong><\/p>\n\n\n\n<p class=\"has-text-align-center\">Projekt ma na celu opracowanie nowych rodzaj\u00f3w odbiornik\u00f3w nawigacji satelitarnej dwu-cz\u0119stotliwo\u015bciowej i trzy-cz\u0119stotliwo\u015bciowej w oparciu o systemy GPS oraz<br>Galileo nazwanych na potrzeby projektu GoGeo. Przewiduje si\u0119 wykonanie cz\u0119\u015bci sprz\u0119towej oraz oprogramowania.<br>Opr\u00f3cz odbiornik\u00f3w GNSS wykonanych w technologii ASIC stosowane s\u0105 odbiorniki oparte na uk\u0142adach programowalnych takie jak b\u0119d\u0105cy przedmiotem niniejszego<br>projektu GoGeo. Obecnie nie ma polskiego odbiornika tego typu. Na \u015bwiecie istnieje kilka firm oferuj\u0105cych podobne produkty aczkolwiek o gorszych parametrach.&nbsp; S\u0105<br>to zwykle produkty drogie, elitarne. W oparciu o do\u015bwiadczenia przy wcze\u015bniejszych pracach badawczo-projektowych zosta\u0142y okre\u015blone cele projektu GoGeo.&nbsp;<br>Wykorzystuj\u0105c opracowan\u0105 nowoczesn\u0105 rekonfigurowaln\u0105 technologi\u0119 sprz\u0119tow\u0105 oraz wytworzone w trakcie projektu oprogramowanie\/algorytmy niskopoziomowe<br>planuje si\u0119 osi\u0105gni\u0119cie dok\u0142adno\u015bci (bez system\u00f3w wspomagania naziemnego i stacji referencyjnych) co najmniej decymetrowej.<br>Odbiornik GoGeo zostanie po zako\u0144czeniu projektu wdro\u017cony do produkcji oraz sprzeda\u017cy w kraju i za granic\u0105. W tym celu przeprowadzone zostan\u0105 prace badawcze,<br>rozwojowe oraz przedwdro\u017ceniowe. Grupy docelowe rezultatu projektu to wszystkie aplikacje wykorzystuj\u0105ce dok\u0142adne pozycjonowanie, czyli w pierwszej kolejno\u015bci odbiorniki geodezyjne, precyzyjne rolnictwo, drony autonomiczne, pojazdy autonomiczne, itd.<\/p>\n\n\n\n<p class=\"has-text-align-center\">Dofinansowanie projektu z UE&nbsp; 2 107 165,75 z\u0142<\/p>\n\n\n\n<div style=\"height:20px\" aria-hidden=\"true\" class=\"wp-block-spacer\"><\/div>\n\n\n\n<figure class=\"wp-block-image aligncenter is-resized\"><img loading=\"lazy\" decoding=\"async\" src=\"http:\/\/innovatronica.com\/wp-content\/uploads\/2023\/08\/IMG_20230209_093124-300x225.jpg\" alt=\"\" class=\"wp-image-38\" style=\"width:420px;height:315px\" width=\"420\" height=\"315\" srcset=\"https:\/\/innovatronica.com\/wp-content\/uploads\/2023\/08\/IMG_20230209_093124-300x225.jpg 300w, https:\/\/innovatronica.com\/wp-content\/uploads\/2023\/08\/IMG_20230209_093124-1024x768.jpg 1024w, https:\/\/innovatronica.com\/wp-content\/uploads\/2023\/08\/IMG_20230209_093124-768x576.jpg 768w, https:\/\/innovatronica.com\/wp-content\/uploads\/2023\/08\/IMG_20230209_093124-1536x1152.jpg 1536w, https:\/\/innovatronica.com\/wp-content\/uploads\/2023\/08\/IMG_20230209_093124-2048x1536.jpg 2048w\" sizes=\"auto, (max-width: 420px) 100vw, 420px\" \/><\/figure>\n\n\n\n<figure class=\"wp-block-image aligncenter is-resized\"><img loading=\"lazy\" decoding=\"async\" src=\"http:\/\/innovatronica.com\/wp-content\/uploads\/2023\/08\/IMG_20230331_132755-225x300.jpg\" alt=\"\" class=\"wp-image-58\" style=\"width:321px;height:428px\" width=\"321\" height=\"428\" srcset=\"https:\/\/innovatronica.com\/wp-content\/uploads\/2023\/08\/IMG_20230331_132755-225x300.jpg 225w, https:\/\/innovatronica.com\/wp-content\/uploads\/2023\/08\/IMG_20230331_132755-768x1024.jpg 768w, https:\/\/innovatronica.com\/wp-content\/uploads\/2023\/08\/IMG_20230331_132755-1152x1536.jpg 1152w, https:\/\/innovatronica.com\/wp-content\/uploads\/2023\/08\/IMG_20230331_132755-1536x2048.jpg 1536w, https:\/\/innovatronica.com\/wp-content\/uploads\/2023\/08\/IMG_20230331_132755-scaled.jpg 1920w\" sizes=\"auto, (max-width: 321px) 100vw, 321px\" \/><\/figure>\n\n\n\n<p><strong style=\"text-align: center;\"><\/strong><\/p>\n\n\n\n<p class=\"has-text-align-center\"><strong>Widok gotowych odbiornik\u00f3w GoGeO.<\/strong><\/p>\n\n\n\n<hr class=\"wp-block-separator has-alpha-channel-opacity is-style-wide\"\/>\n\n\n\n<p class=\"has-text-align-center\"><span style=\"color: #0000ff; font-size: 14pt;\">Przygotowujemy si\u0119 do tak\u017ce fantastycznego projektu zwi\u0105zanego z technologi\u0105 wodorow\u0105.<\/span><\/p>\n\n\n\n<div style=\"height:14px\" aria-hidden=\"true\" class=\"wp-block-spacer\"><\/div>\n\n\n\n<figure class=\"wp-block-image aligncenter is-resized\"><img loading=\"lazy\" decoding=\"async\" src=\"http:\/\/innovatronica.com\/wp-content\/uploads\/2023\/08\/IMG_20230401_151648-225x300.jpg\" alt=\"\" class=\"wp-image-59\" style=\"width:246px;height:328px\" width=\"246\" height=\"328\" srcset=\"https:\/\/innovatronica.com\/wp-content\/uploads\/2023\/08\/IMG_20230401_151648-225x300.jpg 225w, https:\/\/innovatronica.com\/wp-content\/uploads\/2023\/08\/IMG_20230401_151648-768x1024.jpg 768w, https:\/\/innovatronica.com\/wp-content\/uploads\/2023\/08\/IMG_20230401_151648-1152x1536.jpg 1152w, https:\/\/innovatronica.com\/wp-content\/uploads\/2023\/08\/IMG_20230401_151648-1536x2048.jpg 1536w, https:\/\/innovatronica.com\/wp-content\/uploads\/2023\/08\/IMG_20230401_151648-scaled.jpg 1920w\" sizes=\"auto, (max-width: 246px) 100vw, 246px\" \/><\/figure>\n\n\n\n<p class=\"has-text-align-center\">Szczeg\u00f3\u0142y wkr\u00f3tce.<\/p>\n","protected":false},"excerpt":{"rendered":"<p>Komory do dezynfekcji przedmiot\u00f3w organicznych i nieorganicznych, POIR.01.01.01-00-1244\/20 Streszczenie projektu Projekt ma na celu budow\u0119 skutecznych urz\u0105dze\u0144 do dezynfekcji wykorzystuj\u0105cych emisj\u0119 ultrad\u017awi\u0119kow\u0105, \u015bwiat\u0142o UV orazgenerator ozonu lub innego gazu przeznaczonego do dezynfekcji, kt\u00f3re przyczyni\u0105 si\u0119 do ograniczenia rozprzestrzeniania si\u0119 patogen\u00f3w.Planowane jest wykonanie urz\u0105dze\u0144 o r\u00f3\u017cnych wymiarach w postaci kom\u00f3r dezynfekcyjnych. Wykorzystanie \u015bwiat\u0142aUV do dezynfekcji jest [&hellip;]<\/p>\n","protected":false},"author":1,"featured_media":0,"parent":0,"menu_order":1,"comment_status":"closed","ping_status":"closed","template":"","meta":{"footnotes":""},"class_list":["post-10","page","type-page","status-publish","hentry"],"_links":{"self":[{"href":"https:\/\/innovatronica.com\/index.php\/wp-json\/wp\/v2\/pages\/10","targetHints":{"allow":["GET"]}}],"collection":[{"href":"https:\/\/innovatronica.com\/index.php\/wp-json\/wp\/v2\/pages"}],"about":[{"href":"https:\/\/innovatronica.com\/index.php\/wp-json\/wp\/v2\/types\/page"}],"author":[{"embeddable":true,"href":"https:\/\/innovatronica.com\/index.php\/wp-json\/wp\/v2\/users\/1"}],"replies":[{"embeddable":true,"href":"https:\/\/innovatronica.com\/index.php\/wp-json\/wp\/v2\/comments?post=10"}],"version-history":[{"count":17,"href":"https:\/\/innovatronica.com\/index.php\/wp-json\/wp\/v2\/pages\/10\/revisions"}],"predecessor-version":[{"id":263,"href":"https:\/\/innovatronica.com\/index.php\/wp-json\/wp\/v2\/pages\/10\/revisions\/263"}],"wp:attachment":[{"href":"https:\/\/innovatronica.com\/index.php\/wp-json\/wp\/v2\/media?parent=10"}],"curies":[{"name":"wp","href":"https:\/\/api.w.org\/{rel}","templated":true}]}}